{"id":135,"date":"2018-07-20T13:52:03","date_gmt":"2018-07-20T11:52:03","guid":{"rendered":"http:\/\/lire-lier.fr\/?page_id=135"},"modified":"2025-10-22T18:22:16","modified_gmt":"2025-10-22T16:22:16","slug":"mediation-culturelle","status":"publish","type":"page","link":"https:\/\/lire-lier.fr\/?page_id=135","title":{"rendered":"Action culturelle\/Animation"},"content":{"rendered":"<p>&nbsp;<\/p>\n<div id='gallery-1' class='gallery galleryid-135 gallery-columns-5 gallery-size-thumbnail'><figure class='gallery-item'>\n\t\t\t<div class='gallery-icon landscape'>\n\t\t\t\t<a href='https:\/\/lire-lier.fr\/?attachment_id=1436'><img width=\"150\" height=\"150\" src=\"https:\/\/lire-lier.fr\/wp-content\/uploads\/2025\/05\/Capture-decran-2025-05-23-a-15.07.41-150x150.png\" class=\"attachment-thumbnail size-thumbnail\" alt=\"Selection Revelation Jeunesse\" loading=\"lazy\" aria-describedby=\"gallery-1-1436\" \/><\/a>\n\t\t\t<\/div>\n\t\t\t\t<figcaption class='wp-caption-text gallery-caption' id='gallery-1-1436'>\n\t\t\t\tS\u00e9lection R\u00e9v\u00e9lation Livre jeunesse ADAGP\n\t\t\t\t<\/figcaption><\/figure><figure class='gallery-item'>\n\t\t\t<div class='gallery-icon landscape'>\n\t\t\t\t<a href='https:\/\/lire-lier.fr\/?attachment_id=1158'><img width=\"150\" height=\"150\" src=\"https:\/\/lire-lier.fr\/wp-content\/uploads\/2021\/07\/IMG_3629-150x150.jpg\" class=\"attachment-thumbnail size-thumbnail\" alt=\"\" loading=\"lazy\" aria-describedby=\"gallery-1-1158\" \/><\/a>\n\t\t\t<\/div>\n\t\t\t\t<figcaption class='wp-caption-text gallery-caption' id='gallery-1-1158'>\n\t\t\t\tCoordination R\u00e9sidences Vacances avec le CNL Partir en livre 2021-2025\n\t\t\t\t<\/figcaption><\/figure><figure class='gallery-item'>\n\t\t\t<div class='gallery-icon portrait'>\n\t\t\t\t<a href='https:\/\/lire-lier.fr\/?attachment_id=1255'><img width=\"150\" height=\"150\" src=\"https:\/\/lire-lier.fr\/wp-content\/uploads\/2022\/10\/expoJapon-150x150.jpg\" class=\"attachment-thumbnail size-thumbnail\" alt=\"\" loading=\"lazy\" aria-describedby=\"gallery-1-1255\" \/><\/a>\n\t\t\t<\/div>\n\t\t\t\t<figcaption class='wp-caption-text gallery-caption' id='gallery-1-1255'>\n\t\t\t\tExpo Japon &#8211; pour la Charte et bureau Kida- Tokyo &#8211; 2022\n\t\t\t\t<\/figcaption><\/figure><figure class='gallery-item'>\n\t\t\t<div class='gallery-icon landscape'>\n\t\t\t\t<a href='https:\/\/lire-lier.fr\/?attachment_id=307'><img width=\"150\" height=\"150\" src=\"https:\/\/lire-lier.fr\/wp-content\/uploads\/2019\/04\/20190402_111510-150x150.jpg\" class=\"attachment-thumbnail size-thumbnail\" alt=\"\" loading=\"lazy\" aria-describedby=\"gallery-1-307\" \/><\/a>\n\t\t\t<\/div>\n\t\t\t\t<figcaption class='wp-caption-text gallery-caption' id='gallery-1-307'>\n\t\t\t\tUn voyage \u00e0 Bologne depuis 2019\n\t\t\t\t<\/figcaption><\/figure><figure class='gallery-item'>\n\t\t\t<div class='gallery-icon landscape'>\n\t\t\t\t<a href='https:\/\/lire-lier.fr\/?attachment_id=303'><img width=\"150\" height=\"150\" src=\"https:\/\/lire-lier.fr\/wp-content\/uploads\/2019\/04\/6A06B5EA-8A0E-4C37-8949-2D9E7186B061-150x150.jpg\" class=\"attachment-thumbnail size-thumbnail\" alt=\"\" loading=\"lazy\" aria-describedby=\"gallery-1-303\" srcset=\"https:\/\/lire-lier.fr\/wp-content\/uploads\/2019\/04\/6A06B5EA-8A0E-4C37-8949-2D9E7186B061-150x150.jpg 150w, https:\/\/lire-lier.fr\/wp-content\/uploads\/2019\/04\/6A06B5EA-8A0E-4C37-8949-2D9E7186B061-300x300.jpg 300w, https:\/\/lire-lier.fr\/wp-content\/uploads\/2019\/04\/6A06B5EA-8A0E-4C37-8949-2D9E7186B061-768x768.jpg 768w, https:\/\/lire-lier.fr\/wp-content\/uploads\/2019\/04\/6A06B5EA-8A0E-4C37-8949-2D9E7186B061-1024x1024.jpg 1024w, https:\/\/lire-lier.fr\/wp-content\/uploads\/2019\/04\/6A06B5EA-8A0E-4C37-8949-2D9E7186B061-1200x1200.jpg 1200w, https:\/\/lire-lier.fr\/wp-content\/uploads\/2019\/04\/6A06B5EA-8A0E-4C37-8949-2D9E7186B061.jpg 2048w\" sizes=\"(max-width: 150px) 100vw, 150px\" \/><\/a>\n\t\t\t<\/div>\n\t\t\t\t<figcaption class='wp-caption-text gallery-caption' id='gallery-1-303'>\n\t\t\t\tConcours Emergences depuis 2028\n\t\t\t\t<\/figcaption><\/figure><figure class='gallery-item'>\n\t\t\t<div class='gallery-icon landscape'>\n\t\t\t\t<a href='https:\/\/lire-lier.fr\/?attachment_id=250'><img width=\"150\" height=\"150\" src=\"https:\/\/lire-lier.fr\/wp-content\/uploads\/2018\/10\/RencontreDidierJeunesse4-e1539377024308-150x150.jpg\" class=\"attachment-thumbnail size-thumbnail\" alt=\"\" loading=\"lazy\" aria-describedby=\"gallery-1-250\" \/><\/a>\n\t\t\t<\/div>\n\t\t\t\t<figcaption class='wp-caption-text gallery-caption' id='gallery-1-250'>\n\t\t\t\tAnimation rencontre Didier Jeunesse -20\/09\/2018\n\t\t\t\t<\/figcaption><\/figure><figure class='gallery-item'>\n\t\t\t<div class='gallery-icon landscape'>\n\t\t\t\t<a href='https:\/\/lire-lier.fr\/?attachment_id=199'><img width=\"150\" height=\"150\" src=\"https:\/\/lire-lier.fr\/wp-content\/uploads\/2018\/07\/IMG_0856-150x150.jpg\" class=\"attachment-thumbnail size-thumbnail\" alt=\"\" loading=\"lazy\" aria-describedby=\"gallery-1-199\" \/><\/a>\n\t\t\t<\/div>\n\t\t\t\t<figcaption class='wp-caption-text gallery-caption' id='gallery-1-199'>\n\t\t\t\tslam -salon du livre 2017\n\t\t\t\t<\/figcaption><\/figure><figure class='gallery-item'>\n\t\t\t<div class='gallery-icon landscape'>\n\t\t\t\t<a href='https:\/\/lire-lier.fr\/?attachment_id=192'><img width=\"150\" height=\"138\" src=\"https:\/\/lire-lier.fr\/wp-content\/uploads\/2018\/07\/hqdefault-2-150x138.jpg\" class=\"attachment-thumbnail size-thumbnail\" alt=\"\" loading=\"lazy\" aria-describedby=\"gallery-1-192\" \/><\/a>\n\t\t\t<\/div>\n\t\t\t\t<figcaption class='wp-caption-text gallery-caption' id='gallery-1-192'>\n\t\t\t\tvideo participative pour Printemps des Po\u00e8tes 2016\n\t\t\t\t<\/figcaption><\/figure><figure class='gallery-item'>\n\t\t\t<div class='gallery-icon landscape'>\n\t\t\t\t<a href='https:\/\/lire-lier.fr\/?attachment_id=196'><img width=\"150\" height=\"150\" src=\"https:\/\/lire-lier.fr\/wp-content\/uploads\/2018\/07\/De\u0301bat-Manoue-7-150x150.jpg\" class=\"attachment-thumbnail size-thumbnail\" alt=\"\" loading=\"lazy\" aria-describedby=\"gallery-1-196\" \/><\/a>\n\t\t\t<\/div>\n\t\t\t\t<figcaption class='wp-caption-text gallery-caption' id='gallery-1-196'>\n\t\t\t\trencontre- Etonnants voyageurs 2001\n\t\t\t\t<\/figcaption><\/figure><figure class='gallery-item'>\n\t\t\t<div class='gallery-icon landscape'>\n\t\t\t\t<a href='https:\/\/lire-lier.fr\/?attachment_id=230'><img width=\"150\" height=\"150\" src=\"https:\/\/lire-lier.fr\/wp-content\/uploads\/2018\/07\/IMG_0140-150x150.jpg\" class=\"attachment-thumbnail size-thumbnail\" alt=\"\" loading=\"lazy\" aria-describedby=\"gallery-1-230\" \/><\/a>\n\t\t\t<\/div>\n\t\t\t\t<figcaption class='wp-caption-text gallery-caption' id='gallery-1-230'>\n\t\t\t\tSalon du livre Festival Voix vives\n\t\t\t\t<\/figcaption><\/figure>\n\t\t<\/div>\n\n<p><strong>Cr\u00e9er du lien par la lecture, c&#8217;est favoriser l&#8217;acc\u00e8s des oeuvres \u00e0 tous les publics ou travailler des publics sp\u00e9cifiques<br \/>\n<\/strong><\/p>\n<blockquote><p>Avec Lire&amp;lier, je renforce l&#8217;acc\u00e8s \u00e0 la litt\u00e9rature pour tous les publics :<br \/>\n&#8211; cr\u00e9ation d&#8217;actions culturelles, notamment pour le jeune public (atelier, lecture, concours&#8230;)<br \/>\n&#8211; animation de rencontres : pr\u00e9paration de tables rondes, pr\u00e9sentations des intervenants<br \/>\n&#8211; recherche de partenariat de m\u00e9diation, de diffusion, de salles pour accueil de rencontres<br \/>\n&#8211; mise en r\u00e9seau avec le secteur du livre (biblioth\u00e8ques, salons, festivals, maisons du livre) pour rencontres avec auteurs ou spectacles litt\u00e9raires<\/p><\/blockquote>\n<h5><span style=\"color: #800000;\">Action culturelle pour tous les publics et sp\u00e9cifiquement les jeunes<\/span><\/h5>\n<p>Ex<\/p>\n<ul>\n<li>Pour Partir en livre, en partenariat avec le Centre national du livre avec la Charte des auteurs et illustrateurs jeunesse et la ligue de l&#8217;enseignement : organisation de 50 r\u00e9sidences en vacances apprenantes en 2022, 60 en 2023, et 60 en 2024 et 66 en 2025 pour les enfants en centres de loisirs et de vacances.<\/li>\n<li>Pour L&#8217;adagp et la Charte des auteurs et illustrateurs jeunesse coordination du Prix R\u00e9v\u00e9lation pour les auteur.ices-illustrateur.ices pour la jeunesse.<\/li>\n<li>Pour le Printemps des Po\u00e8tes : sensibilisation de la po\u00e9sie aupr\u00e8s de tous les publics.<br \/>\n&#8211; cr\u00e9ation en 2016 et 2017 de vid\u00e9os participatives<br \/>\n&#8211; cr\u00e9ation de l&#8217;op\u00e9ration On n&#8217;est pas s\u00e9rieux quand on a 17 ans destin\u00e9e \u00e0 faire lire les jeunes lyc\u00e9ens<\/li>\n<\/ul>\n<h5><span style=\"color: #800000;\">Animation litt\u00e9raire (d\u00e9bat, rencontre, soir\u00e9e)<\/span><\/h5>\n<p>Ex<\/p>\n<ul>\n<li>Pour le Festival du livre de Paris en 2025 : animation de tables rondes pour la sc\u00e8ne Jeunesse<\/li>\n<li>Pour le march\u00e9 de la po\u00e9sie en 2025 : animation d&#8217;une table ronde sur la po\u00e9sie jeunesse<\/li>\n<li>Pour Didier Jeunesse : animation des tables rondes (entretien auteurs et pr\u00e9sentation de livres) lors de la rencontre professionnelle d\u00e9di\u00e9e aux biblioth\u00e9caires et aux libraires le 20 septembre 2018 \u00e0 la Maison de la po\u00e9sie Paris.<\/li>\n<li>Pour Etonnants Voyageurs : de 2001 \u00e0 2003, animation de rencontres dans l&#8217;espace Gulliver, d\u00e9di\u00e9 \u00e0 la jeunesse, et de l&#8217;espace Leclerc pour interview de Jacques Perrin et Bernard Giraudeau.<\/li>\n<li>Pour le Printemps des Po\u00e8tes : animation des rencontres litt\u00e9raires pendant la manifestation (caf\u00e9s litt\u00e9raires, \u00e9ditions Rougerie, soir\u00e9e Cheyne \/ prix de la vocation, interventions en d\u00e9bat pour le march\u00e9 de la po\u00e9sie et pour le salon du livre)<\/li>\n<\/ul>\n<h5><span style=\"color: #800000;\">Diffusion et valorisation d&#8217;oeuvres ou de spectacles<\/span><\/h5>\n<p>Ex<\/p>\n<ul>\n<li>coordination d&#8217;une exposition d&#8217;illustrations en plein air sur le th\u00e8me de la Rose \u00e0 Tokyo, avec la Charte des auteurs et illustrateurs jeunesse et le Bureau Kida<\/li>\n<li>Pour Th\u00e9l\u00e8me : valorisation du spectacle Marcel Proust au th\u00e9\u00e2tre de l&#8217;Atelier, de la Bruy\u00e8re, de l&#8217;espace Pierre Cardin&#8230;.<\/li>\n<li>Pour le Printemps des Po\u00e8tes : cr\u00e9ation et suivi du label &#8220;S\u00e9lection Printemps des Po\u00e8tes&#8221; , destin\u00e9 \u00e0 favoriser la diffusion de spectacles, d&#8217;exposition et de formes originales de diffusion de la po\u00e9sie.<\/li>\n<\/ul>\n","protected":false},"excerpt":{"rendered":"<p>&nbsp; Cr\u00e9er du lien par la lecture, c&#8217;est favoriser l&#8217;acc\u00e8s des oeuvres \u00e0 tous les publics ou travailler des publics sp\u00e9cifiques Avec Lire&amp;lier, je renforce l&#8217;acc\u00e8s \u00e0 la litt\u00e9rature pour tous les publics : &#8211; cr\u00e9ation d&#8217;actions culturelles, notamment pour le jeune public (atelier, lecture, concours&#8230;) &#8211; animation de rencontres : pr\u00e9paration de tables rondes, &hellip; <a href=\"https:\/\/lire-lier.fr\/?page_id=135\" class=\"more-link\">Continue reading <span class=\"screen-reader-text\">Action culturelle\/Animation<\/span><\/a><\/p>\n","protected":false},"author":1,"featured_media":0,"parent":0,"menu_order":0,"comment_status":"closed","ping_status":"closed","template":"","meta":[],"_links":{"self":[{"href":"https:\/\/lire-lier.fr\/index.php?rest_route=\/wp\/v2\/pages\/135"}],"collection":[{"href":"https:\/\/lire-lier.fr\/index.php?rest_route=\/wp\/v2\/pages"}],"about":[{"href":"https:\/\/lire-lier.fr\/index.php?rest_route=\/wp\/v2\/types\/page"}],"author":[{"embeddable":true,"href":"https:\/\/lire-lier.fr\/index.php?rest_route=\/wp\/v2\/users\/1"}],"replies":[{"embeddable":true,"href":"https:\/\/lire-lier.fr\/index.php?rest_route=%2Fwp%2Fv2%2Fcomments&post=135"}],"version-history":[{"count":25,"href":"https:\/\/lire-lier.fr\/index.php?rest_route=\/wp\/v2\/pages\/135\/revisions"}],"predecessor-version":[{"id":1496,"href":"https:\/\/lire-lier.fr\/index.php?rest_route=\/wp\/v2\/pages\/135\/revisions\/1496"}],"wp:attachment":[{"href":"https:\/\/lire-lier.fr\/index.php?rest_route=%2Fwp%2Fv2%2Fmedia&parent=135"}],"curies":[{"name":"wp","href":"https:\/\/api.w.org\/{rel}","templated":true}]}}