{"id":117,"date":"2018-07-20T13:28:17","date_gmt":"2018-07-20T11:28:17","guid":{"rendered":"http:\/\/lire-lier.fr\/?page_id=117"},"modified":"2025-10-22T18:06:55","modified_gmt":"2025-10-22T16:06:55","slug":"communication-partenariat-fundraising","status":"publish","type":"page","link":"https:\/\/lire-lier.fr\/?page_id=117","title":{"rendered":"Communication\/Partenariat"},"content":{"rendered":"<div id='gallery-1' class='gallery galleryid-117 gallery-columns-4 gallery-size-thumbnail'><figure class='gallery-item'>\n\t\t\t<div class='gallery-icon portrait'>\n\t\t\t\t<a href='https:\/\/lire-lier.fr\/?attachment_id=1161'><img width=\"150\" height=\"150\" src=\"https:\/\/lire-lier.fr\/wp-content\/uploads\/2021\/07\/AB9B1F31-B4B8-417C-8FB3-FED795BA7E8E-150x150.jpg\" class=\"attachment-thumbnail size-thumbnail\" alt=\"Partenariat CNL Partir en Livre Auzou romans\" loading=\"lazy\" aria-describedby=\"gallery-1-1161\" \/><\/a>\n\t\t\t<\/div>\n\t\t\t\t<figcaption class='wp-caption-text gallery-caption' id='gallery-1-1161'>\n\t\t\t\tPartenariat CNL Partir en livre 2021\/ Auzou romans \n\t\t\t\t<\/figcaption><\/figure><figure class='gallery-item'>\n\t\t\t<div class='gallery-icon portrait'>\n\t\t\t\t<a href='https:\/\/lire-lier.fr\/?attachment_id=491'><img width=\"150\" height=\"150\" src=\"https:\/\/lire-lier.fr\/wp-content\/uploads\/2020\/03\/aucoeurdelaforet-150x150.jpg\" class=\"attachment-thumbnail size-thumbnail\" alt=\"\" loading=\"lazy\" aria-describedby=\"gallery-1-491\" \/><\/a>\n\t\t\t<\/div>\n\t\t\t\t<figcaption class='wp-caption-text gallery-caption' id='gallery-1-491'>\n\t\t\t\tPartenariat Auzou \/ Up2green\n\t\t\t\t<\/figcaption><\/figure><figure class='gallery-item'>\n\t\t\t<div class='gallery-icon landscape'>\n\t\t\t\t<a href='https:\/\/lire-lier.fr\/?attachment_id=297'><img width=\"150\" height=\"150\" src=\"https:\/\/lire-lier.fr\/wp-content\/uploads\/2019\/04\/IMG_7103-150x150.jpg\" class=\"attachment-thumbnail size-thumbnail\" alt=\"\" loading=\"lazy\" aria-describedby=\"gallery-1-297\" \/><\/a>\n\t\t\t<\/div>\n\t\t\t\t<figcaption class='wp-caption-text gallery-caption' id='gallery-1-297'>\n\t\t\t\tUn Voyage \u00e0 Bologne 2019\n\t\t\t\t<\/figcaption><\/figure><figure class='gallery-item'>\n\t\t\t<div class='gallery-icon landscape'>\n\t\t\t\t<a href='https:\/\/lire-lier.fr\/?attachment_id=299'><img width=\"150\" height=\"150\" src=\"https:\/\/lire-lier.fr\/wp-content\/uploads\/2019\/04\/TOTE_BAGS_CHARTE_02b-150x150.png\" class=\"attachment-thumbnail size-thumbnail\" alt=\"\" loading=\"lazy\" aria-describedby=\"gallery-1-299\" srcset=\"https:\/\/lire-lier.fr\/wp-content\/uploads\/2019\/04\/TOTE_BAGS_CHARTE_02b-150x150.png 150w, https:\/\/lire-lier.fr\/wp-content\/uploads\/2019\/04\/TOTE_BAGS_CHARTE_02b-300x300.png 300w, https:\/\/lire-lier.fr\/wp-content\/uploads\/2019\/04\/TOTE_BAGS_CHARTE_02b-768x768.png 768w, https:\/\/lire-lier.fr\/wp-content\/uploads\/2019\/04\/TOTE_BAGS_CHARTE_02b.png 850w\" sizes=\"(max-width: 150px) 100vw, 150px\" \/><\/a>\n\t\t\t<\/div>\n\t\t\t\t<figcaption class='wp-caption-text gallery-caption' id='gallery-1-299'>\n\t\t\t\tEmergences 2019\n\t\t\t\t<\/figcaption><\/figure><figure class='gallery-item'>\n\t\t\t<div class='gallery-icon landscape'>\n\t\t\t\t<a href='https:\/\/lire-lier.fr\/?attachment_id=253'><img width=\"150\" height=\"150\" src=\"https:\/\/lire-lier.fr\/wp-content\/uploads\/2018\/10\/CP-ROMANS-A3feuillet_18-19-2-1-150x150.jpg\" class=\"attachment-thumbnail size-thumbnail\" alt=\"\" loading=\"lazy\" aria-describedby=\"gallery-1-253\" \/><\/a>\n\t\t\t<\/div>\n\t\t\t\t<figcaption class='wp-caption-text gallery-caption' id='gallery-1-253'>\n\t\t\t\tCommuniqu\u00e9 Romans Auzou\n\t\t\t\t<\/figcaption><\/figure><figure class='gallery-item'>\n\t\t\t<div class='gallery-icon landscape'>\n\t\t\t\t<a href='https:\/\/lire-lier.fr\/?attachment_id=193'><img width=\"150\" height=\"138\" src=\"https:\/\/lire-lier.fr\/wp-content\/uploads\/2018\/07\/hqdefault-150x138.jpg\" class=\"attachment-thumbnail size-thumbnail\" alt=\"\" loading=\"lazy\" aria-describedby=\"gallery-1-193\" \/><\/a>\n\t\t\t<\/div>\n\t\t\t\t<figcaption class='wp-caption-text gallery-caption' id='gallery-1-193'>\n\t\t\t\tcartes postales et clip &#8211; Fondation La Poste\n\t\t\t\t<\/figcaption><\/figure><figure class='gallery-item'>\n\t\t\t<div class='gallery-icon portrait'>\n\t\t\t\t<a href='https:\/\/lire-lier.fr\/?attachment_id=217'><img width=\"150\" height=\"150\" src=\"https:\/\/lire-lier.fr\/wp-content\/uploads\/2018\/07\/afficheProust-150x150.jpg\" class=\"attachment-thumbnail size-thumbnail\" alt=\"\" loading=\"lazy\" aria-describedby=\"gallery-1-217\" \/><\/a>\n\t\t\t<\/div>\n\t\t\t\t<figcaption class='wp-caption-text gallery-caption' id='gallery-1-217'>\n\t\t\t\tAffiche spectacle Proust \n\t\t\t\t<\/figcaption><\/figure><figure class='gallery-item'>\n\t\t\t<div class='gallery-icon landscape'>\n\t\t\t\t<a href='https:\/\/lire-lier.fr\/?attachment_id=191'><img width=\"150\" height=\"138\" src=\"https:\/\/lire-lier.fr\/wp-content\/uploads\/2018\/07\/hqdefault-1-150x138.jpg\" class=\"attachment-thumbnail size-thumbnail\" alt=\"\" loading=\"lazy\" aria-describedby=\"gallery-1-191\" \/><\/a>\n\t\t\t<\/div>\n\t\t\t\t<figcaption class='wp-caption-text gallery-caption' id='gallery-1-191'>\n\t\t\t\tvideo- Printemps des Po\u00e8tes 2015\n\t\t\t\t<\/figcaption><\/figure>\n\t\t<\/div>\n\n<p><strong>Cr\u00e9er du lien par la lecture, c&#8217;est valoriser les oeuvres aupr\u00e8s des lecteurs via les medias et des collaborations partenariales<br \/>\n<\/strong><\/p>\n<blockquote><p>Avec Lire&amp;lier, je valorise les livres, l&#8217;action des auteur.ices :<br \/>\n&#8211; conception et utilisation des outils de communication (dossier de presse, communiqu\u00e9, newsletters&#8230;)<br \/>\n&#8211; veille sur les r\u00e9seaux sociaux<br \/>\n&#8211; recherche de partenariat (media, financier ou de service)<br \/>\n&#8211; fundraising et suivi de demandes de subventions<\/p><\/blockquote>\n<h5><span style=\"color: #800000;\">Conseil en image &#8211; Outils de communication &#8211; presse &#8211; r\u00e9seaux sociaux<\/span><\/h5>\n<p>Ex<\/p>\n<ul>\n<li>D\u00e9veloppement du partenariat de communication avec Daniela Bonerba et sa revue Crayons pour la Charte des auteurs et illustrateurs jeunesse.<\/li>\n<li>Pour la Charte, conseil en communication sur le lancement ou le renouvellement des op\u00e9rations Emergences et Un voyage \u00e0 Bologne<\/li>\n<li>Pour le Centre de cr\u00e9ation pour l&#8217;enfance de Tinqueux<br \/>\n&#8211; conseil en communication<\/li>\n<li>Pour Auzou<br \/>\n&#8211; Outils de presse pour le d\u00e9partement Auzou Romans et partenariats institutionnels<\/li>\n<li>Pour les \u00e9ditions Th\u00e9l\u00e8me<br \/>\n&#8211; animation de la page Th\u00e9l\u00e8me sur Facebook, des comptes Instagram et twitter<\/li>\n<li>Pour le Printemps des Po\u00e8tes<br \/>\n&#8211; recherche d&#8217;image et suivi de communication pour le Printemps des Po\u00e8tes 2015, 2016, 2017<br \/>\n&#8211; conception de la <a href=\"https:\/\/www.youtube.com\/watch?v=Ebvkv5XJNSo\">video de pr\u00e9sentation<\/a> de la manifestation avec Jacques Bonnaff\u00e9. R\u00e9alisation Vincent Barth\u00e9lemy<\/li>\n<\/ul>\n<h5><span style=\"color: #800000;\">Recherche et suivi de partenariats financiers institutionnels et priv\u00e9s<\/span><\/h5>\n<p>Ex<\/p>\n<ul>\n<li>Pour l&#8217;\u00e9cho des livres<br \/>\n&#8211; demande de subventions aupr\u00e8s du CNL &#8211; Lire en f\u00eate<\/li>\n<li>Pour le Printemps des Po\u00e8tes<br \/>\n&#8211; demandes de subventions aupr\u00e8s de la Sofia pour la malle p\u00e9dagogique<br \/>\n&#8211; recherche de financements pour la r\u00e9alisation d&#8217;une dizaine de fresques dans des villes, villages avec la Fondation Art Dialogue et dans les parkings avec Vinci park.<\/li>\n<\/ul>\n<h5><span style=\"color: #800000;\">Mise en r\u00e9seau et d\u00e9veloppement de partenariats media<\/span><\/h5>\n<p>Ex<\/p>\n<ul>\n<li>Pour le Printemps des Po\u00e8tes<br \/>\n&#8211; Op\u00e9ration on est pas s\u00e9rieux quand on a 17 ans avec le magazine Phosphore<br \/>\n&#8211; Partenariat avec Philo TV pour le colloque A l&#8217;\u00e9coute d&#8217;Orph\u00e9e \u00e0 la Sorbonne, 2013<br \/>\n&#8211; partenariat media avec TV5 monde,\u00a0 France Culture, journal m\u00e9tro&#8230;<\/li>\n<\/ul>\n","protected":false},"excerpt":{"rendered":"<p>Cr\u00e9er du lien par la lecture, c&#8217;est valoriser les oeuvres aupr\u00e8s des lecteurs via les medias et des collaborations partenariales Avec Lire&amp;lier, je valorise les livres, l&#8217;action des auteur.ices : &#8211; conception et utilisation des outils de communication (dossier de presse, communiqu\u00e9, newsletters&#8230;) &#8211; veille sur les r\u00e9seaux sociaux &#8211; recherche de partenariat (media, financier &hellip; <a href=\"https:\/\/lire-lier.fr\/?page_id=117\" class=\"more-link\">Continue reading <span class=\"screen-reader-text\">Communication\/Partenariat<\/span><\/a><\/p>\n","protected":false},"author":1,"featured_media":0,"parent":0,"menu_order":0,"comment_status":"closed","ping_status":"closed","template":"","meta":[],"_links":{"self":[{"href":"https:\/\/lire-lier.fr\/index.php?rest_route=\/wp\/v2\/pages\/117"}],"collection":[{"href":"https:\/\/lire-lier.fr\/index.php?rest_route=\/wp\/v2\/pages"}],"about":[{"href":"https:\/\/lire-lier.fr\/index.php?rest_route=\/wp\/v2\/types\/page"}],"author":[{"embeddable":true,"href":"https:\/\/lire-lier.fr\/index.php?rest_route=\/wp\/v2\/users\/1"}],"replies":[{"embeddable":true,"href":"https:\/\/lire-lier.fr\/index.php?rest_route=%2Fwp%2Fv2%2Fcomments&post=117"}],"version-history":[{"count":20,"href":"https:\/\/lire-lier.fr\/index.php?rest_route=\/wp\/v2\/pages\/117\/revisions"}],"predecessor-version":[{"id":1490,"href":"https:\/\/lire-lier.fr\/index.php?rest_route=\/wp\/v2\/pages\/117\/revisions\/1490"}],"wp:attachment":[{"href":"https:\/\/lire-lier.fr\/index.php?rest_route=%2Fwp%2Fv2%2Fmedia&parent=117"}],"curies":[{"name":"wp","href":"https:\/\/api.w.org\/{rel}","templated":true}]}}