{"id":1148,"date":"2021-07-27T20:13:41","date_gmt":"2021-07-27T18:13:41","guid":{"rendered":"http:\/\/lire-lier.fr\/?page_id=1148"},"modified":"2023-01-21T19:26:40","modified_gmt":"2023-01-21T18:26:40","slug":"bulle-creative","status":"publish","type":"page","link":"https:\/\/lire-lier.fr\/?page_id=1148","title":{"rendered":"Bulle cr\u00e9ative"},"content":{"rendered":"<div class=\"wp-block-media-text alignwide is-stacked-on-mobile is-image-fill\"><\/div>\n<div class=\"wp-block-group\">\n<div class=\"wp-block-group__inner-container\" style=\"text-align: left;\">\n<div class=\"wp-block-media-text__content\" style=\"text-align: left;\">\n<figure id=\"attachment_1278\" aria-describedby=\"caption-attachment-1278\" style=\"width: 438px\" class=\"wp-caption alignleft\"><img loading=\"lazy\" class=\"wp-image-1278\" src=\"http:\/\/lire-lier.fr\/wp-content\/uploads\/2023\/01\/bullepoeme-1024x294.jpg\" alt=\"Bulle po\u00e8me alt=\" width=\"438\" height=\"126\" srcset=\"https:\/\/lire-lier.fr\/wp-content\/uploads\/2023\/01\/bullepoeme-1024x294.jpg 1024w, https:\/\/lire-lier.fr\/wp-content\/uploads\/2023\/01\/bullepoeme-300x86.jpg 300w, https:\/\/lire-lier.fr\/wp-content\/uploads\/2023\/01\/bullepoeme-768x220.jpg 768w, https:\/\/lire-lier.fr\/wp-content\/uploads\/2023\/01\/bullepoeme-1536x441.jpg 1536w, https:\/\/lire-lier.fr\/wp-content\/uploads\/2023\/01\/bullepoeme-2048x588.jpg 2048w, https:\/\/lire-lier.fr\/wp-content\/uploads\/2023\/01\/bullepoeme-1200x344.jpg 1200w, https:\/\/lire-lier.fr\/wp-content\/uploads\/2023\/01\/bullepoeme-1320x379.jpg 1320w\" sizes=\"(max-width: 438px) 100vw, 438px\" \/><figcaption id=\"caption-attachment-1278\" class=\"wp-caption-text\">Extrait d&#8217;un tableau d&#8217;Isabelle Herv\u00e9<\/figcaption><\/figure>\n<p><a href=\"http:\/\/lire-lier.fr\/wp-content\/uploads\/2023\/01\/bandeannoncebaladepoeme.mp3\"><strong style=\"color: #1a1a1a; font-size: 16px;\">Bulle po\u00e8me<\/strong><\/a><span style=\"color: #1a1a1a; font-size: 16px;\">: <\/span><em><span style=\"font-size: 16px;\">un clik&amp;collect po\u00e9tique.<br \/>\n<\/span>Balade, cr\u00e9\u00e9e en 2021, que je sors de son sommeil pour r\u00e9veiller nos papilles po\u00e9tiques !<\/em><\/p>\n<p>&nbsp;<\/p>\n<p>On commence avec une balade matinale, bon r\u00e9veil !<\/p>\n<!--[if lt IE 9]><script>document.createElement('audio');<\/script><![endif]-->\n\t<div class=\"wp-playlist wp-audio-playlist wp-playlist-light\">\n\t\t\t<div class=\"wp-playlist-current-item\"><\/div>\n\t\t<audio controls=\"controls\" preload=\"none\" width=\"638\"\n\t\t\t><\/audio>\n\t<div class=\"wp-playlist-next\"><\/div>\n\t<div class=\"wp-playlist-prev\"><\/div>\n\t<noscript>\n\t<ol>\n\t\t<li><a href='https:\/\/lire-lier.fr\/wp-content\/uploads\/2023\/01\/Lematin-1-1.mp3'>Lematin-1<\/a><\/li>\t<\/ol>\n\t<\/noscript>\n\t<script type=\"application\/json\" class=\"wp-playlist-script\">{\"type\":\"audio\",\"tracklist\":false,\"tracknumbers\":true,\"images\":true,\"artists\":false,\"tracks\":[{\"src\":\"https:\\\/\\\/lire-lier.fr\\\/wp-content\\\/uploads\\\/2023\\\/01\\\/Lematin-1-1.mp3\",\"type\":\"audio\\\/mpeg\",\"title\":\"Lematin-1\",\"caption\":\"\",\"description\":\"\\\"Lematin-1\\\".\",\"meta\":{\"length_formatted\":\"3:01\"},\"image\":{\"src\":\"https:\\\/\\\/lire-lier.fr\\\/wp-includes\\\/images\\\/media\\\/audio.png\",\"width\":48,\"height\":64},\"thumb\":{\"src\":\"https:\\\/\\\/lire-lier.fr\\\/wp-includes\\\/images\\\/media\\\/audio.png\",\"width\":48,\"height\":64}}]}<\/script>\n<\/div>\n\t\n<\/div>\n<\/div>\n<\/div>\n<p>&nbsp;<\/p>\n<div class=\"wp-block-group\">\n<div class=\"wp-block-group__inner-container\" style=\"text-align: left;\">\n<div style=\"text-align: left;\">\n<hr \/>\n<\/div>\n<figure id=\"attachment_946\" aria-describedby=\"caption-attachment-946\" style=\"width: 259px\" class=\"wp-caption alignleft\"><img loading=\"lazy\" class=\"size-medium wp-image-946\" src=\"http:\/\/lire-lier.fr\/wp-content\/uploads\/2020\/10\/IMG_2186-259x300.jpg\" alt=\"Une Ann\u00e9e en po\u00e9sie\" width=\"259\" height=\"300\" srcset=\"https:\/\/lire-lier.fr\/wp-content\/uploads\/2020\/10\/IMG_2186-259x300.jpg 259w, https:\/\/lire-lier.fr\/wp-content\/uploads\/2020\/10\/IMG_2186-883x1024.jpg 883w, https:\/\/lire-lier.fr\/wp-content\/uploads\/2020\/10\/IMG_2186-768x891.jpg 768w, https:\/\/lire-lier.fr\/wp-content\/uploads\/2020\/10\/IMG_2186-1324x1536.jpg 1324w, https:\/\/lire-lier.fr\/wp-content\/uploads\/2020\/10\/IMG_2186-1766x2048.jpg 1766w, https:\/\/lire-lier.fr\/wp-content\/uploads\/2020\/10\/IMG_2186-1200x1392.jpg 1200w, https:\/\/lire-lier.fr\/wp-content\/uploads\/2020\/10\/IMG_2186-1320x1531.jpg 1320w\" sizes=\"(max-width: 259px) 100vw, 259px\" \/><figcaption id=\"caption-attachment-946\" class=\"wp-caption-text\">Anthologie-Gallimard Jeunesse<\/figcaption><\/figure>\n<p><strong>Une Ann\u00e9e en po\u00e9sie<\/strong><br \/>\nTellement ravie d&#8217;annoncer la sortie d&#8217;une anthologie de po\u00e9sie concoct\u00e9e depuis plus d&#8217;un an, avec mes amis po\u00e8tes d&#8217;hier et d&#8217;aujourd&#8217;hui, d&#8217;ici et d&#8217;ailleurs\u00a0pour trouver un po\u00e8me \u00e0 offrir chaque jour \u00e0 tous les enfants. Une collection de petits tr\u00e9sors tels les cailloux du Petit Poucet pour nous ouvrir un chemin dans cette grande travers\u00e9e humaine. La promenade \u00e0 laquelle je vous invite commencera le 1er octobre.\u00a0<a href=\"https:\/\/www.facebook.com\/sergio.avalos.940?__tn__=KH-R&amp;eid=ARBsVjwWMTRDT-Coxa1s1ZZxLnYUIAYTuaXZmkhYE4CJBx5olNojPIndX2eM3YdK1eP2V1MUPFP7u8bB&amp;fref=mentions&amp;__xts__%5B0%5D=68.ARDIhFwnG8PdmkU_ta8RJJxw49Iv0ArwB8pUcKS7kq2K-bHjIbEXwAUqOYWH8IpsDHoTWxJgszIP0BpIwgvRxouYP2Acf8SsTST_8xPGOUYxa67EEYa4QVI8ACaq2mWvef125VPtRVdJOsM2ON8qKIPmmtRrOwYjNmFMWnG3uHywKt7YkiVkcQMtP1U75MHcUK6km3H7rge_rtUarXhlOzGTvSFO6uY_sCY07NQqnucZ3UaU6Y5OgkxzFRfUsmUCKnpJhRkQpH3EOfJUqzYp8gB0pL2B1V3xCSUtlTaokjVMO_xZxv1SrT4YNvuQM8qAamZKFRW8nAX1yBibuonteCY\">Sergio Avalos<\/a>\u00a0Marie-C\u00e9line Siffert\u00a0<a href=\"https:\/\/www.facebook.com\/aurelia.lassaque?__tn__=KH-R&amp;eid=ARAB5bwrrRLC0m4MQWUxfSqgh_IR99vMUlU7xQwpKxtiNTtCRmVb837T8SOlntm25-9zPclHxDjl1pM1&amp;fref=mentions&amp;__xts__%5B0%5D=68.ARDIhFwnG8PdmkU_ta8RJJxw49Iv0ArwB8pUcKS7kq2K-bHjIbEXwAUqOYWH8IpsDHoTWxJgszIP0BpIwgvRxouYP2Acf8SsTST_8xPGOUYxa67EEYa4QVI8ACaq2mWvef125VPtRVdJOsM2ON8qKIPmmtRrOwYjNmFMWnG3uHywKt7YkiVkcQMtP1U75MHcUK6km3H7rge_rtUarXhlOzGTvSFO6uY_sCY07NQqnucZ3UaU6Y5OgkxzFRfUsmUCKnpJhRkQpH3EOfJUqzYp8gB0pL2B1V3xCSUtlTaokjVMO_xZxv1SrT4YNvuQM8qAamZKFRW8nAX1yBibuonteCY\">Aur\u00e9lia Lassaque<\/a>\u00a0<a href=\"https:\/\/www.facebook.com\/ivlia.ivlia?__tn__=KH-R&amp;eid=ARBcjwtFBOMBEbPPau5BAhxMyWWh7H5j0gRhn3DeOQ3E0b5KpKJfy9Nzxk8pogPxxPFKBW_INsYj2zXZ&amp;fref=mentions&amp;__xts__%5B0%5D=68.ARDIhFwnG8PdmkU_ta8RJJxw49Iv0ArwB8pUcKS7kq2K-bHjIbEXwAUqOYWH8IpsDHoTWxJgszIP0BpIwgvRxouYP2Acf8SsTST_8xPGOUYxa67EEYa4QVI8ACaq2mWvef125VPtRVdJOsM2ON8qKIPmmtRrOwYjNmFMWnG3uHywKt7YkiVkcQMtP1U75MHcUK6km3H7rge_rtUarXhlOzGTvSFO6uY_sCY07NQqnucZ3UaU6Y5OgkxzFRfUsmUCKnpJhRkQpH3EOfJUqzYp8gB0pL2B1V3xCSUtlTaokjVMO_xZxv1SrT4YNvuQM8qAamZKFRW8nAX1yBibuonteCY\">Julie Nice<\/a>\u00a0<a href=\"https:\/\/www.facebook.com\/kouamtawa?__tn__=KH-R&amp;eid=ARBEKAgq1OuRNeo4WVISOArJpdiO3KTSjmQxhK43pzvAvukM-K8hJlNNk061dZeH-2zc7NGvBdovxy0p&amp;fref=mentions&amp;__xts__%5B0%5D=68.ARDIhFwnG8PdmkU_ta8RJJxw49Iv0ArwB8pUcKS7kq2K-bHjIbEXwAUqOYWH8IpsDHoTWxJgszIP0BpIwgvRxouYP2Acf8SsTST_8xPGOUYxa67EEYa4QVI8ACaq2mWvef125VPtRVdJOsM2ON8qKIPmmtRrOwYjNmFMWnG3uHywKt7YkiVkcQMtP1U75MHcUK6km3H7rge_rtUarXhlOzGTvSFO6uY_sCY07NQqnucZ3UaU6Y5OgkxzFRfUsmUCKnpJhRkQpH3EOfJUqzYp8gB0pL2B1V3xCSUtlTaokjVMO_xZxv1SrT4YNvuQM8qAamZKFRW8nAX1yBibuonteCY\">Kouam Tawa<\/a>\u00a0<a href=\"https:\/\/www.facebook.com\/carl.norac.73?__tn__=KH-R&amp;eid=ARCJp7SlfGsD1B-3hpI3_MEKjWi5owsuQZ1j8VkAP1SEP9nkwrKHtBaoB0zWsxzgmk0RaIbshruDIWEQ&amp;fref=mentions&amp;__xts__%5B0%5D=68.ARDIhFwnG8PdmkU_ta8RJJxw49Iv0ArwB8pUcKS7kq2K-bHjIbEXwAUqOYWH8IpsDHoTWxJgszIP0BpIwgvRxouYP2Acf8SsTST_8xPGOUYxa67EEYa4QVI8ACaq2mWvef125VPtRVdJOsM2ON8qKIPmmtRrOwYjNmFMWnG3uHywKt7YkiVkcQMtP1U75MHcUK6km3H7rge_rtUarXhlOzGTvSFO6uY_sCY07NQqnucZ3UaU6Y5OgkxzFRfUsmUCKnpJhRkQpH3EOfJUqzYp8gB0pL2B1V3xCSUtlTaokjVMO_xZxv1SrT4YNvuQM8qAamZKFRW8nAX1yBibuonteCY\">Carl Norac<\/a>\u00a0<a href=\"https:\/\/www.facebook.com\/valerie.rouzeau.5?__tn__=KH-R&amp;eid=ARCJ67z9aSfm4ywGa_886zp5udW3my_Uc2ctMPje0FbXYYQcwsqnKXGqXT7U0lKaHM9HQg9fU1brtXH7&amp;fref=mentions&amp;__xts__%5B0%5D=68.ARDIhFwnG8PdmkU_ta8RJJxw49Iv0ArwB8pUcKS7kq2K-bHjIbEXwAUqOYWH8IpsDHoTWxJgszIP0BpIwgvRxouYP2Acf8SsTST_8xPGOUYxa67EEYa4QVI8ACaq2mWvef125VPtRVdJOsM2ON8qKIPmmtRrOwYjNmFMWnG3uHywKt7YkiVkcQMtP1U75MHcUK6km3H7rge_rtUarXhlOzGTvSFO6uY_sCY07NQqnucZ3UaU6Y5OgkxzFRfUsmUCKnpJhRkQpH3EOfJUqzYp8gB0pL2B1V3xCSUtlTaokjVMO_xZxv1SrT4YNvuQM8qAamZKFRW8nAX1yBibuonteCY\">Val\u00e9rie Rouzeau<\/a>\u00a0<a href=\"https:\/\/www.facebook.com\/murielle.szac?__tn__=KH-R&amp;eid=ARBwkbsAwrenInwVdNl6Xbrrm2GC4waiZ-182QCfP_yu246MNdiHHEl0Ubx3N1sH-FdTPRwFjvvue50t&amp;fref=mentions&amp;__xts__%5B0%5D=68.ARDIhFwnG8PdmkU_ta8RJJxw49Iv0ArwB8pUcKS7kq2K-bHjIbEXwAUqOYWH8IpsDHoTWxJgszIP0BpIwgvRxouYP2Acf8SsTST_8xPGOUYxa67EEYa4QVI8ACaq2mWvef125VPtRVdJOsM2ON8qKIPmmtRrOwYjNmFMWnG3uHywKt7YkiVkcQMtP1U75MHcUK6km3H7rge_rtUarXhlOzGTvSFO6uY_sCY07NQqnucZ3UaU6Y5OgkxzFRfUsmUCKnpJhRkQpH3EOfJUqzYp8gB0pL2B1V3xCSUtlTaokjVMO_xZxv1SrT4YNvuQM8qAamZKFRW8nAX1yBibuonteCY\">Murielle Szac<\/a>\u00a0<a href=\"https:\/\/www.facebook.com\/bruno.doucey?__tn__=KH-R&amp;eid=ARB9XGjJfwjP6vBHFK1F17O9VDQE9m2heSAYlKLOCK_RbZdz29URPkMKJXRqKkaecpTRXFP-be7H4s99&amp;fref=mentions&amp;__xts__%5B0%5D=68.ARDIhFwnG8PdmkU_ta8RJJxw49Iv0ArwB8pUcKS7kq2K-bHjIbEXwAUqOYWH8IpsDHoTWxJgszIP0BpIwgvRxouYP2Acf8SsTST_8xPGOUYxa67EEYa4QVI8ACaq2mWvef125VPtRVdJOsM2ON8qKIPmmtRrOwYjNmFMWnG3uHywKt7YkiVkcQMtP1U75MHcUK6km3H7rge_rtUarXhlOzGTvSFO6uY_sCY07NQqnucZ3UaU6Y5OgkxzFRfUsmUCKnpJhRkQpH3EOfJUqzYp8gB0pL2B1V3xCSUtlTaokjVMO_xZxv1SrT4YNvuQM8qAamZKFRW8nAX1yBibuonteCY\">Bruno Doucey<\/a>\u00a0<a href=\"https:\/\/www.facebook.com\/nimrod.bena?__tn__=KH-R&amp;eid=ARB5t-hn06ZGRx-S2GRVQmZKdaivdjXhSITPjy33nU1t7bwFYguilub7q6dviUiCTfc7B7nQL5CPS-p0&amp;fref=mentions&amp;__xts__%5B0%5D=68.ARDIhFwnG8PdmkU_ta8RJJxw49Iv0ArwB8pUcKS7kq2K-bHjIbEXwAUqOYWH8IpsDHoTWxJgszIP0BpIwgvRxouYP2Acf8SsTST_8xPGOUYxa67EEYa4QVI8ACaq2mWvef125VPtRVdJOsM2ON8qKIPmmtRrOwYjNmFMWnG3uHywKt7YkiVkcQMtP1U75MHcUK6km3H7rge_rtUarXhlOzGTvSFO6uY_sCY07NQqnucZ3UaU6Y5OgkxzFRfUsmUCKnpJhRkQpH3EOfJUqzYp8gB0pL2B1V3xCSUtlTaokjVMO_xZxv1SrT4YNvuQM8qAamZKFRW8nAX1yBibuonteCY\">Nimrod Bena<\/a>\u00a0<a href=\"https:\/\/www.facebook.com\/sbataillon2?__tn__=KH-R&amp;eid=ARBKPdOuJhiOHLgsn6TOWMjoCMQwiYYZnDoyd011znYuksuiykZK4nHL2afGKQ76r5buOl-jj6DHJkn6&amp;fref=mentions&amp;__xts__%5B0%5D=68.ARDIhFwnG8PdmkU_ta8RJJxw49Iv0ArwB8pUcKS7kq2K-bHjIbEXwAUqOYWH8IpsDHoTWxJgszIP0BpIwgvRxouYP2Acf8SsTST_8xPGOUYxa67EEYa4QVI8ACaq2mWvef125VPtRVdJOsM2ON8qKIPmmtRrOwYjNmFMWnG3uHywKt7YkiVkcQMtP1U75MHcUK6km3H7rge_rtUarXhlOzGTvSFO6uY_sCY07NQqnucZ3UaU6Y5OgkxzFRfUsmUCKnpJhRkQpH3EOfJUqzYp8gB0pL2B1V3xCSUtlTaokjVMO_xZxv1SrT4YNvuQM8qAamZKFRW8nAX1yBibuonteCY\">St\u00e9phane Bataillon<\/a>\u00a0<a href=\"https:\/\/www.facebook.com\/hashtag\/guenane?__eep__=6&amp;source=feed_text&amp;epa=HASHTAG&amp;__xts__%5B0%5D=68.ARDIhFwnG8PdmkU_ta8RJJxw49Iv0ArwB8pUcKS7kq2K-bHjIbEXwAUqOYWH8IpsDHoTWxJgszIP0BpIwgvRxouYP2Acf8SsTST_8xPGOUYxa67EEYa4QVI8ACaq2mWvef125VPtRVdJOsM2ON8qKIPmmtRrOwYjNmFMWnG3uHywKt7YkiVkcQMtP1U75MHcUK6km3H7rge_rtUarXhlOzGTvSFO6uY_sCY07NQqnucZ3UaU6Y5OgkxzFRfUsmUCKnpJhRkQpH3EOfJUqzYp8gB0pL2B1V3xCSUtlTaokjVMO_xZxv1SrT4YNvuQM8qAamZKFRW8nAX1yBibuonteCY&amp;__tn__=%2ANKH-R\">#guenane<\/a>\u00a0<a href=\"https:\/\/www.facebook.com\/hashtag\/pierrecoran?__eep__=6&amp;source=feed_text&amp;epa=HASHTAG&amp;__xts__%5B0%5D=68.ARDIhFwnG8PdmkU_ta8RJJxw49Iv0ArwB8pUcKS7kq2K-bHjIbEXwAUqOYWH8IpsDHoTWxJgszIP0BpIwgvRxouYP2Acf8SsTST_8xPGOUYxa67EEYa4QVI8ACaq2mWvef125VPtRVdJOsM2ON8qKIPmmtRrOwYjNmFMWnG3uHywKt7YkiVkcQMtP1U75MHcUK6km3H7rge_rtUarXhlOzGTvSFO6uY_sCY07NQqnucZ3UaU6Y5OgkxzFRfUsmUCKnpJhRkQpH3EOfJUqzYp8gB0pL2B1V3xCSUtlTaokjVMO_xZxv1SrT4YNvuQM8qAamZKFRW8nAX1yBibuonteCY&amp;__tn__=%2ANKH-R\">#pierrecoran<\/a>\u00a0<a href=\"https:\/\/www.facebook.com\/hashtag\/tanellaboni?__eep__=6&amp;source=feed_text&amp;epa=HASHTAG&amp;__xts__%5B0%5D=68.ARDIhFwnG8PdmkU_ta8RJJxw49Iv0ArwB8pUcKS7kq2K-bHjIbEXwAUqOYWH8IpsDHoTWxJgszIP0BpIwgvRxouYP2Acf8SsTST_8xPGOUYxa67EEYa4QVI8ACaq2mWvef125VPtRVdJOsM2ON8qKIPmmtRrOwYjNmFMWnG3uHywKt7YkiVkcQMtP1U75MHcUK6km3H7rge_rtUarXhlOzGTvSFO6uY_sCY07NQqnucZ3UaU6Y5OgkxzFRfUsmUCKnpJhRkQpH3EOfJUqzYp8gB0pL2B1V3xCSUtlTaokjVMO_xZxv1SrT4YNvuQM8qAamZKFRW8nAX1yBibuonteCY&amp;__tn__=%2ANKH-R\">#tanellaboni<\/a>\u00a0<a href=\"https:\/\/www.facebook.com\/hashtag\/mariesellier?__eep__=6&amp;source=feed_text&amp;epa=HASHTAG&amp;__xts__%5B0%5D=68.ARDIhFwnG8PdmkU_ta8RJJxw49Iv0ArwB8pUcKS7kq2K-bHjIbEXwAUqOYWH8IpsDHoTWxJgszIP0BpIwgvRxouYP2Acf8SsTST_8xPGOUYxa67EEYa4QVI8ACaq2mWvef125VPtRVdJOsM2ON8qKIPmmtRrOwYjNmFMWnG3uHywKt7YkiVkcQMtP1U75MHcUK6km3H7rge_rtUarXhlOzGTvSFO6uY_sCY07NQqnucZ3UaU6Y5OgkxzFRfUsmUCKnpJhRkQpH3EOfJUqzYp8gB0pL2B1V3xCSUtlTaokjVMO_xZxv1SrT4YNvuQM8qAamZKFRW8nAX1yBibuonteCY&amp;__tn__=%2ANKH-R\">#mariesellier<\/a><a href=\"https:\/\/www.facebook.com\/hashtag\/jeanclaudemourlevat?__eep__=6&amp;source=feed_text&amp;epa=HASHTAG&amp;__xts__%5B0%5D=68.ARDIhFwnG8PdmkU_ta8RJJxw49Iv0ArwB8pUcKS7kq2K-bHjIbEXwAUqOYWH8IpsDHoTWxJgszIP0BpIwgvRxouYP2Acf8SsTST_8xPGOUYxa67EEYa4QVI8ACaq2mWvef125VPtRVdJOsM2ON8qKIPmmtRrOwYjNmFMWnG3uHywKt7YkiVkcQMtP1U75MHcUK6km3H7rge_rtUarXhlOzGTvSFO6uY_sCY07NQqnucZ3UaU6Y5OgkxzFRfUsmUCKnpJhRkQpH3EOfJUqzYp8gB0pL2B1V3xCSUtlTaokjVMO_xZxv1SrT4YNvuQM8qAamZKFRW8nAX1yBibuonteCY&amp;__tn__=%2ANKH-R\">#jeanclaudeMourlevat<\/a>\u00a0<a href=\"https:\/\/www.facebook.com\/hashtag\/claireubac?__eep__=6&amp;source=feed_text&amp;epa=HASHTAG&amp;__xts__%5B0%5D=68.ARDIhFwnG8PdmkU_ta8RJJxw49Iv0ArwB8pUcKS7kq2K-bHjIbEXwAUqOYWH8IpsDHoTWxJgszIP0BpIwgvRxouYP2Acf8SsTST_8xPGOUYxa67EEYa4QVI8ACaq2mWvef125VPtRVdJOsM2ON8qKIPmmtRrOwYjNmFMWnG3uHywKt7YkiVkcQMtP1U75MHcUK6km3H7rge_rtUarXhlOzGTvSFO6uY_sCY07NQqnucZ3UaU6Y5OgkxzFRfUsmUCKnpJhRkQpH3EOfJUqzYp8gB0pL2B1V3xCSUtlTaokjVMO_xZxv1SrT4YNvuQM8qAamZKFRW8nAX1yBibuonteCY&amp;__tn__=%2ANKH-R\">#claireubac<\/a>\u00a0<a href=\"https:\/\/www.facebook.com\/hashtag\/susiemorgenstern?__eep__=6&amp;source=feed_text&amp;epa=HASHTAG&amp;__xts__%5B0%5D=68.ARDIhFwnG8PdmkU_ta8RJJxw49Iv0ArwB8pUcKS7kq2K-bHjIbEXwAUqOYWH8IpsDHoTWxJgszIP0BpIwgvRxouYP2Acf8SsTST_8xPGOUYxa67EEYa4QVI8ACaq2mWvef125VPtRVdJOsM2ON8qKIPmmtRrOwYjNmFMWnG3uHywKt7YkiVkcQMtP1U75MHcUK6km3H7rge_rtUarXhlOzGTvSFO6uY_sCY07NQqnucZ3UaU6Y5OgkxzFRfUsmUCKnpJhRkQpH3EOfJUqzYp8gB0pL2B1V3xCSUtlTaokjVMO_xZxv1SrT4YNvuQM8qAamZKFRW8nAX1yBibuonteCY&amp;__tn__=%2ANKH-R\">#susiemorgenstern<\/a><a href=\"https:\/\/www.facebook.com\/hashtag\/mariesabineroger?__eep__=6&amp;source=feed_text&amp;epa=HASHTAG&amp;__xts__%5B0%5D=68.ARDIhFwnG8PdmkU_ta8RJJxw49Iv0ArwB8pUcKS7kq2K-bHjIbEXwAUqOYWH8IpsDHoTWxJgszIP0BpIwgvRxouYP2Acf8SsTST_8xPGOUYxa67EEYa4QVI8ACaq2mWvef125VPtRVdJOsM2ON8qKIPmmtRrOwYjNmFMWnG3uHywKt7YkiVkcQMtP1U75MHcUK6km3H7rge_rtUarXhlOzGTvSFO6uY_sCY07NQqnucZ3UaU6Y5OgkxzFRfUsmUCKnpJhRkQpH3EOfJUqzYp8gB0pL2B1V3xCSUtlTaokjVMO_xZxv1SrT4YNvuQM8qAamZKFRW8nAX1yBibuonteCY&amp;__tn__=%2ANKH-R\">#mariesabineroger<\/a>\u00a0Merci aux \u00e9ditrices de\u00a0<a href=\"https:\/\/www.facebook.com\/GallimardJeunesse\/?__tn__=KH-R&amp;eid=ARDVugFV3DHeg5HJRtj3tZIpzgttIDlHrtzbv1p2kY32pbTbNH3n_yl2bLG8FSqH6ZshuJ3Yfhsf5Kf3&amp;fref=mentions&amp;__xts__%5B0%5D=68.ARDIhFwnG8PdmkU_ta8RJJxw49Iv0ArwB8pUcKS7kq2K-bHjIbEXwAUqOYWH8IpsDHoTWxJgszIP0BpIwgvRxouYP2Acf8SsTST_8xPGOUYxa67EEYa4QVI8ACaq2mWvef125VPtRVdJOsM2ON8qKIPmmtRrOwYjNmFMWnG3uHywKt7YkiVkcQMtP1U75MHcUK6km3H7rge_rtUarXhlOzGTvSFO6uY_sCY07NQqnucZ3UaU6Y5OgkxzFRfUsmUCKnpJhRkQpH3EOfJUqzYp8gB0pL2B1V3xCSUtlTaokjVMO_xZxv1SrT4YNvuQM8qAamZKFRW8nAX1yBibuonteCY\">Gallimard Jeunesse<\/a>pour cette belle occasion de partage po\u00e9tique, de r\u00eaverie sur les images de\u00a0<a href=\"https:\/\/www.facebook.com\/hashtag\/frannprestongannon?__eep__=6&amp;source=feed_text&amp;epa=HASHTAG&amp;__xts__%5B0%5D=68.ARDIhFwnG8PdmkU_ta8RJJxw49Iv0ArwB8pUcKS7kq2K-bHjIbEXwAUqOYWH8IpsDHoTWxJgszIP0BpIwgvRxouYP2Acf8SsTST_8xPGOUYxa67EEYa4QVI8ACaq2mWvef125VPtRVdJOsM2ON8qKIPmmtRrOwYjNmFMWnG3uHywKt7YkiVkcQMtP1U75MHcUK6km3H7rge_rtUarXhlOzGTvSFO6uY_sCY07NQqnucZ3UaU6Y5OgkxzFRfUsmUCKnpJhRkQpH3EOfJUqzYp8gB0pL2B1V3xCSUtlTaokjVMO_xZxv1SrT4YNvuQM8qAamZKFRW8nAX1yBibuonteCY&amp;__tn__=%2ANKH-R\">#frannPrestonGannon<\/a>\u00a0\u00a0<a href=\"https:\/\/www.facebook.com\/hashtag\/christinebaker?__eep__=6&amp;source=feed_text&amp;epa=HASHTAG&amp;__xts__%5B0%5D=68.ARDIhFwnG8PdmkU_ta8RJJxw49Iv0ArwB8pUcKS7kq2K-bHjIbEXwAUqOYWH8IpsDHoTWxJgszIP0BpIwgvRxouYP2Acf8SsTST_8xPGOUYxa67EEYa4QVI8ACaq2mWvef125VPtRVdJOsM2ON8qKIPmmtRrOwYjNmFMWnG3uHywKt7YkiVkcQMtP1U75MHcUK6km3H7rge_rtUarXhlOzGTvSFO6uY_sCY07NQqnucZ3UaU6Y5OgkxzFRfUsmUCKnpJhRkQpH3EOfJUqzYp8gB0pL2B1V3xCSUtlTaokjVMO_xZxv1SrT4YNvuQM8qAamZKFRW8nAX1yBibuonteCY&amp;__tn__=%2ANKH-R\">#christineBaker<\/a>\u00a0\u00a0<a href=\"https:\/\/www.facebook.com\/hashtag\/aliceliege?__eep__=6&amp;source=feed_text&amp;epa=HASHTAG&amp;__xts__%5B0%5D=68.ARDIhFwnG8PdmkU_ta8RJJxw49Iv0ArwB8pUcKS7kq2K-bHjIbEXwAUqOYWH8IpsDHoTWxJgszIP0BpIwgvRxouYP2Acf8SsTST_8xPGOUYxa67EEYa4QVI8ACaq2mWvef125VPtRVdJOsM2ON8qKIPmmtRrOwYjNmFMWnG3uHywKt7YkiVkcQMtP1U75MHcUK6km3H7rge_rtUarXhlOzGTvSFO6uY_sCY07NQqnucZ3UaU6Y5OgkxzFRfUsmUCKnpJhRkQpH3EOfJUqzYp8gB0pL2B1V3xCSUtlTaokjVMO_xZxv1SrT4YNvuQM8qAamZKFRW8nAX1yBibuonteCY&amp;__tn__=%2ANKH-R\">#aliceLiege<\/a><a href=\"https:\/\/www.facebook.com\/hashtag\/emilienief?__eep__=6&amp;source=feed_text&amp;epa=HASHTAG&amp;__xts__%5B0%5D=68.ARDIhFwnG8PdmkU_ta8RJJxw49Iv0ArwB8pUcKS7kq2K-bHjIbEXwAUqOYWH8IpsDHoTWxJgszIP0BpIwgvRxouYP2Acf8SsTST_8xPGOUYxa67EEYa4QVI8ACaq2mWvef125VPtRVdJOsM2ON8qKIPmmtRrOwYjNmFMWnG3uHywKt7YkiVkcQMtP1U75MHcUK6km3H7rge_rtUarXhlOzGTvSFO6uY_sCY07NQqnucZ3UaU6Y5OgkxzFRfUsmUCKnpJhRkQpH3EOfJUqzYp8gB0pL2B1V3xCSUtlTaokjVMO_xZxv1SrT4YNvuQM8qAamZKFRW8nAX1yBibuonteCY&amp;__tn__=%2ANKH-R\">#emilienief<\/a>\u00a0<a href=\"https:\/\/www.facebook.com\/hashtag\/chloeguidoux?__eep__=6&amp;source=feed_text&amp;epa=HASHTAG&amp;__xts__%5B0%5D=68.ARDIhFwnG8PdmkU_ta8RJJxw49Iv0ArwB8pUcKS7kq2K-bHjIbEXwAUqOYWH8IpsDHoTWxJgszIP0BpIwgvRxouYP2Acf8SsTST_8xPGOUYxa67EEYa4QVI8ACaq2mWvef125VPtRVdJOsM2ON8qKIPmmtRrOwYjNmFMWnG3uHywKt7YkiVkcQMtP1U75MHcUK6km3H7rge_rtUarXhlOzGTvSFO6uY_sCY07NQqnucZ3UaU6Y5OgkxzFRfUsmUCKnpJhRkQpH3EOfJUqzYp8gB0pL2B1V3xCSUtlTaokjVMO_xZxv1SrT4YNvuQM8qAamZKFRW8nAX1yBibuonteCY&amp;__tn__=%2ANKH-R\">#chloeguidoux<\/a>\u00a0et \u00e0\u00a0<a href=\"https:\/\/www.facebook.com\/hashtag\/isabellecarr%C3%A9?__eep__=6&amp;source=feed_text&amp;epa=HASHTAG&amp;__xts__%5B0%5D=68.ARDIhFwnG8PdmkU_ta8RJJxw49Iv0ArwB8pUcKS7kq2K-bHjIbEXwAUqOYWH8IpsDHoTWxJgszIP0BpIwgvRxouYP2Acf8SsTST_8xPGOUYxa67EEYa4QVI8ACaq2mWvef125VPtRVdJOsM2ON8qKIPmmtRrOwYjNmFMWnG3uHywKt7YkiVkcQMtP1U75MHcUK6km3H7rge_rtUarXhlOzGTvSFO6uY_sCY07NQqnucZ3UaU6Y5OgkxzFRfUsmUCKnpJhRkQpH3EOfJUqzYp8gB0pL2B1V3xCSUtlTaokjVMO_xZxv1SrT4YNvuQM8qAamZKFRW8nAX1yBibuonteCY&amp;__tn__=%2ANKH-R\">#isabellecarr\u00e9<\/a>\u00a0d&#8217;ouvrir la ballade<\/p>\n<\/div>\n<\/div>\n","protected":false},"excerpt":{"rendered":"<p>Bulle po\u00e8me: un clik&amp;collect po\u00e9tique. Balade, cr\u00e9\u00e9e en 2021, que je sors de son sommeil pour r\u00e9veiller nos papilles po\u00e9tiques ! &nbsp; On commence avec une balade matinale, bon r\u00e9veil ! &nbsp; Une Ann\u00e9e en po\u00e9sie Tellement ravie d&#8217;annoncer la sortie d&#8217;une anthologie de po\u00e9sie concoct\u00e9e depuis plus d&#8217;un an, avec mes amis po\u00e8tes d&#8217;hier &hellip; <a href=\"https:\/\/lire-lier.fr\/?page_id=1148\" class=\"more-link\">Continue reading <span class=\"screen-reader-text\">Bulle cr\u00e9ative<\/span><\/a><\/p>\n","protected":false},"author":1,"featured_media":0,"parent":112,"menu_order":0,"comment_status":"closed","ping_status":"closed","template":"","meta":[],"_links":{"self":[{"href":"https:\/\/lire-lier.fr\/index.php?rest_route=\/wp\/v2\/pages\/1148"}],"collection":[{"href":"https:\/\/lire-lier.fr\/index.php?rest_route=\/wp\/v2\/pages"}],"about":[{"href":"https:\/\/lire-lier.fr\/index.php?rest_route=\/wp\/v2\/types\/page"}],"author":[{"embeddable":true,"href":"https:\/\/lire-lier.fr\/index.php?rest_route=\/wp\/v2\/users\/1"}],"replies":[{"embeddable":true,"href":"https:\/\/lire-lier.fr\/index.php?rest_route=%2Fwp%2Fv2%2Fcomments&post=1148"}],"version-history":[{"count":39,"href":"https:\/\/lire-lier.fr\/index.php?rest_route=\/wp\/v2\/pages\/1148\/revisions"}],"predecessor-version":[{"id":1300,"href":"https:\/\/lire-lier.fr\/index.php?rest_route=\/wp\/v2\/pages\/1148\/revisions\/1300"}],"up":[{"embeddable":true,"href":"https:\/\/lire-lier.fr\/index.php?rest_route=\/wp\/v2\/pages\/112"}],"wp:attachment":[{"href":"https:\/\/lire-lier.fr\/index.php?rest_route=%2Fwp%2Fv2%2Fmedia&parent=1148"}],"curies":[{"name":"wp","href":"https:\/\/api.w.org\/{rel}","templated":true}]}}