{"id":1113,"date":"2021-04-16T12:59:03","date_gmt":"2021-04-16T10:59:03","guid":{"rendered":"http:\/\/lire-lier.fr\/?page_id=1113"},"modified":"2025-10-22T18:09:33","modified_gmt":"2025-10-22T16:09:33","slug":"presse-auzou-romans","status":"publish","type":"page","link":"https:\/\/lire-lier.fr\/?page_id=1113","title":{"rendered":"Presse"},"content":{"rendered":"<p><em><strong><a href=\"http:\/\/lire-lier.fr\/wp-content\/uploads\/2021\/02\/RevuedepresseAuzou-archive-1.pdf\" data-type=\"URL\" data-id=\"http:\/\/lire-lier.fr\/wp-content\/uploads\/2021\/02\/RevuedepresseAuzou-archive-1.pdf\">Revue de presse Auzou Romans<\/a><\/strong><\/em><\/p>\n<div class=\"wp-block-media-text__content\">\n<p><a href=\"http:\/\/lire-lier.fr\/wp-content\/uploads\/2020\/11\/CommuniqueRomansAuzou2020-2.pdf\">Le nouveau communiqu\u00e9 des romans Auzou<\/a><\/p>\n<p><a href=\"https:\/\/us4.campaign-archive.com\/?u=b45f39452a006d7a27880b188&amp;id=f7bfd45cb6\">Les nouveaut\u00e9s romans <strong>Auzou<\/strong> Mai-Juin -Juillet 2021<\/a><\/p>\n<p><strong><a href=\"https:\/\/mailchi.mp\/4a1f0bce70c5\/s7lxxuixrp-10027728\">Les Nouveaut\u00e9s Mars- Avril<\/a><\/strong><\/p>\n<p><a href=\"https:\/\/us4.campaign-archive.com\/?u=b45f39452a006d7a27880b188&amp;id=e7969cb2d5\">Les nouveaut\u00e9s Janvier-F\u00e9vrier\u00a0<\/a><\/p>\n<p>&nbsp;<\/p>\n<\/div>\n","protected":false},"excerpt":{"rendered":"<p>Revue de presse Auzou Romans Le nouveau communiqu\u00e9 des romans Auzou Les nouveaut\u00e9s romans Auzou Mai-Juin -Juillet 2021 Les Nouveaut\u00e9s Mars- Avril Les nouveaut\u00e9s Janvier-F\u00e9vrier\u00a0 &nbsp;<\/p>\n","protected":false},"author":1,"featured_media":461,"parent":0,"menu_order":0,"comment_status":"closed","ping_status":"closed","template":"","meta":[],"_links":{"self":[{"href":"https:\/\/lire-lier.fr\/index.php?rest_route=\/wp\/v2\/pages\/1113"}],"collection":[{"href":"https:\/\/lire-lier.fr\/index.php?rest_route=\/wp\/v2\/pages"}],"about":[{"href":"https:\/\/lire-lier.fr\/index.php?rest_route=\/wp\/v2\/types\/page"}],"author":[{"embeddable":true,"href":"https:\/\/lire-lier.fr\/index.php?rest_route=\/wp\/v2\/users\/1"}],"replies":[{"embeddable":true,"href":"https:\/\/lire-lier.fr\/index.php?rest_route=%2Fwp%2Fv2%2Fcomments&post=1113"}],"version-history":[{"count":5,"href":"https:\/\/lire-lier.fr\/index.php?rest_route=\/wp\/v2\/pages\/1113\/revisions"}],"predecessor-version":[{"id":1121,"href":"https:\/\/lire-lier.fr\/index.php?rest_route=\/wp\/v2\/pages\/1113\/revisions\/1121"}],"wp:featuredmedia":[{"embeddable":true,"href":"https:\/\/lire-lier.fr\/index.php?rest_route=\/wp\/v2\/media\/461"}],"wp:attachment":[{"href":"https:\/\/lire-lier.fr\/index.php?rest_route=%2Fwp%2Fv2%2Fmedia&parent=1113"}],"curies":[{"name":"wp","href":"https:\/\/api.w.org\/{rel}","templated":true}]}}